{"id":529,"date":"2025-05-22T12:34:32","date_gmt":"2025-05-22T10:34:32","guid":{"rendered":"https:\/\/fincalosbatanes.com\/contact\/"},"modified":"2025-07-09T16:12:09","modified_gmt":"2025-07-09T14:12:09","slug":"contact","status":"publish","type":"page","link":"https:\/\/fincalosbatanes.com\/fr\/contact\/","title":{"rendered":"Contact"},"content":{"rendered":"<p>[et_pb_section fb_built=\u00a0\u00bb1&Prime; _builder_version=\u00a0\u00bb4.27.4&Prime; _module_preset=\u00a0\u00bbdefault\u00a0\u00bb background_image=\u00a0\u00bbhttp:\/\/fincalosbatanes.com\/wp-content\/uploads\/2025\/05\/finca-los-batanes-contacto-fondo.webp\u00a0\u00bb background_position=\u00a0\u00bbbottom_center\u00a0\u00bb custom_padding=\u00a0\u00bb0px||0px||true|false\u00a0\u00bb global_colors_info=\u00a0\u00bb{}\u00a0\u00bb][et_pb_row column_structure=\u00a0\u00bb1_2,1_2&Prime; custom_padding_last_edited=\u00a0\u00bbon|tablet\u00a0\u00bb _builder_version=\u00a0\u00bb4.27.4&Prime; _module_preset=\u00a0\u00bbdefault\u00a0\u00bb width=\u00a0\u00bb90%\u00a0\u00bb custom_padding=\u00a0\u00bb4em||15em||false|false\u00a0\u00bb custom_padding_tablet=\u00a0\u00bb3em||||false|false\u00a0\u00bb custom_padding_phone=\u00a0\u00bb3em||8em||false|false\u00a0\u00bb global_colors_info=\u00a0\u00bb{}\u00a0\u00bb][et_pb_column type=\u00a0\u00bb1_2&Prime; _builder_version=\u00a0\u00bb4.27.4&Prime; _module_preset=\u00a0\u00bbdefault\u00a0\u00bb global_colors_info=\u00a0\u00bb{}\u00a0\u00bb][et_pb_text _builder_version=\u00a0\u00bb4.27.4&Prime; _module_preset=\u00a0\u00bbdefault\u00a0\u00bb header_font=\u00a0\u00bb&#8211;et_global_heading_font|700|on||||||\u00a0\u00bb header_font_size=\u00a0\u00bb50px\u00a0\u00bb custom_margin=\u00a0\u00bb||1em||false|false\u00a0\u00bb hover_enabled=\u00a0\u00bb0&Prime; header_text_align_tablet=\u00a0\u00bbcenter\u00a0\u00bb header_text_align_phone=\u00a0\u00bbcenter\u00a0\u00bb header_text_align_last_edited=\u00a0\u00bbon|tablet\u00a0\u00bb header_font_size_tablet=\u00a0\u00bb40px\u00a0\u00bb header_font_size_phone=\u00a0\u00bb30px\u00a0\u00bb header_font_size_last_edited=\u00a0\u00bbon|phone\u00a0\u00bb global_colors_info=\u00a0\u00bb{}\u00a0\u00bb sticky_enabled=\u00a0\u00bb0&Prime;]<\/p>\n<h1>Avez-vous des questions?<\/h1>\n<p>[\/et_pb_text][et_pb_text _builder_version=\u00a0\u00bb4.27.4&Prime; _module_preset=\u00a0\u00bbdefault\u00a0\u00bb text_font_size=\u00a0\u00bb18px\u00a0\u00bb text_line_height=\u00a0\u00bb1.8em\u00a0\u00bb hover_enabled=\u00a0\u00bb0&Prime; global_colors_info=\u00a0\u00bb{}\u00a0\u00bb sticky_enabled=\u00a0\u00bb0&Prime;]<\/p>\n<p><span style=\"font-weight: 400;\">\u00cates-vous pr\u00eats \u00e0 concr\u00e9tiser votre \u00e9v\u00e9nement \u00e0 la Finca Los Batanes? Contactez-nous et racontez-nous votre id\u00e9e. Nous sommes l\u00e0 pour vous aider \u00e0 planifier chaque d\u00e9tail et garantir une c\u00e9l\u00e9bration parfaite. Ensemble nous cr\u00e9erons une exp\u00e9rience inoubliable.<\/span><\/p>\n<p>[\/et_pb_text][et_pb_code admin_label=\u00a0\u00bbAdresse\u00a0\u00bb _builder_version=\u00a0\u00bb4.27.4&Prime; _module_preset=\u00a0\u00bbdefault\u00a0\u00bb custom_margin=\u00a0\u00bb|2em|1em||false|false\u00a0\u00bb custom_css_main_element=\u00a0\u00bbwidth:fit-content;||color:black;\u00a0\u00bb custom_css_free_form=\u00a0\u00bbselector i{||  color:#D1AA8F;||}\u00a0\u00bb locked=\u00a0\u00bboff\u00a0\u00bb global_colors_info=\u00a0\u00bb{}\u00a0\u00bb]<i class=\"fa-solid fa-phone\"><\/i> <a href=\"tel:+34607744031\">607 744 031<\/a>[\/et_pb_code][et_pb_code admin_label=\u00a0\u00bbAdresse\u00a0\u00bb _builder_version=\u00a0\u00bb4.27.4&Prime; _module_preset=\u00a0\u00bbdefault\u00a0\u00bb custom_margin=\u00a0\u00bb|2em|1em||false|false\u00a0\u00bb custom_css_main_element=\u00a0\u00bbwidth:fit-content;||color:black;\u00a0\u00bb custom_css_free_form=\u00a0\u00bbselector i{||  color:#D1AA8F;||}\u00a0\u00bb locked=\u00a0\u00bboff\u00a0\u00bb global_colors_info=\u00a0\u00bb{}\u00a0\u00bb]<i class=\"fa-solid fa-location-dot\"><\/i> <a href=\"mailto:contacto@fincalosbatanes.com\">contacto@fincalosbatanes.com<\/a>[\/et_pb_code][\/et_pb_column][et_pb_column type=\u00a0\u00bb1_2&Prime; _builder_version=\u00a0\u00bb4.27.4&Prime; _module_preset=\u00a0\u00bbdefault\u00a0\u00bb global_colors_info=\u00a0\u00bb{}\u00a0\u00bb][et_pb_text _builder_version=\u00a0\u00bb4.27.4&Prime; _module_preset=\u00a0\u00bbdefault\u00a0\u00bb text_font_size=\u00a0\u00bb25px\u00a0\u00bb text_orientation=\u00a0\u00bbcenter\u00a0\u00bb custom_margin=\u00a0\u00bb||1em||false|false\u00a0\u00bb global_colors_info=\u00a0\u00bb{}\u00a0\u00bb]<\/p>\n<p><em><strong>Contactez<\/strong><\/em>-nous d\u00e8s maintenant<\/p>\n<p>[\/et_pb_text][et_pb_code _builder_version=\u00a0\u00bb4.27.4&Prime; _module_preset=\u00a0\u00bbdefault\u00a0\u00bb max_width=\u00a0\u00bb600px\u00a0\u00bb module_alignment=\u00a0\u00bbcenter\u00a0\u00bb global_colors_info=\u00a0\u00bb{}\u00a0\u00bb]\n<div class=\"wpcf7 no-js\" id=\"wpcf7-f544-o1\" lang=\"es-ES\" dir=\"ltr\" data-wpcf7-id=\"544\">\n<div class=\"screen-reader-response\"><p role=\"status\" aria-live=\"polite\" aria-atomic=\"true\"><\/p> <ul><\/ul><\/div>\n<form action=\"\/fr\/wp-json\/wp\/v2\/pages\/529#wpcf7-f544-o1\" method=\"post\" class=\"wpcf7-form init\" aria-label=\"Formulario de contacto\" novalidate=\"novalidate\" data-status=\"init\">\n<fieldset class=\"hidden-fields-container\"><input type=\"hidden\" name=\"_wpcf7\" value=\"544\" \/><input type=\"hidden\" name=\"_wpcf7_version\" value=\"6.1\" \/><input type=\"hidden\" name=\"_wpcf7_locale\" value=\"es_ES\" \/><input type=\"hidden\" name=\"_wpcf7_unit_tag\" value=\"wpcf7-f544-o1\" \/><input type=\"hidden\" name=\"_wpcf7_container_post\" value=\"0\" \/><input type=\"hidden\" name=\"_wpcf7_posted_data_hash\" value=\"\" \/>\n<\/fieldset>\n<div class=\"form-izq\">\n\t<p><span class=\"wpcf7-form-control-wrap\" data-name=\"nombre\"><input size=\"40\" maxlength=\"400\" class=\"wpcf7-form-control wpcf7-text wpcf7-validates-as-required\" autocomplete=\"name\" aria-required=\"true\" aria-invalid=\"false\" placeholder=\"Nom *\" value=\"\" type=\"text\" name=\"nombre\" \/><\/span><br \/>\n<span class=\"wpcf7-form-control-wrap\" data-name=\"telefono\"><input size=\"40\" maxlength=\"400\" class=\"wpcf7-form-control wpcf7-tel wpcf7-validates-as-required wpcf7-text wpcf7-validates-as-tel\" autocomplete=\"tel\" aria-required=\"true\" aria-invalid=\"false\" placeholder=\"T\u00e9l\u00e9phone *\" value=\"\" type=\"tel\" name=\"telefono\" \/><\/span><br \/>\n<span class=\"wpcf7-form-control-wrap\" data-name=\"your-email\"><input size=\"40\" maxlength=\"400\" class=\"wpcf7-form-control wpcf7-email wpcf7-validates-as-required wpcf7-text wpcf7-validates-as-email\" autocomplete=\"email\" aria-required=\"true\" aria-invalid=\"false\" placeholder=\"Email *\" value=\"\" type=\"email\" name=\"your-email\" \/><\/span>\n\t<\/p>\n<\/div>\n<div class=\"form-dch\">\n\t<p><span class=\"wpcf7-form-control-wrap\" data-name=\"mensaje\"><textarea cols=\"40\" rows=\"10\" maxlength=\"2000\" class=\"wpcf7-form-control wpcf7-textarea\" aria-invalid=\"false\" placeholder=\"\u00c9crivez ici votre demande...\" name=\"mensaje\"><\/textarea><\/span>\n\t<\/p>\n<\/div>\n<div class=\"form-full\">\n\t<p>*Les champs marqu\u00e9s d\u2019un ast\u00e9risque sont obligatoires\n\t<\/p>\n\t<p><span id=\"wpcf7-69f2a318e74fc-wrapper\" class=\"wpcf7-form-control-wrap email-wrap\" style=\"display:none !important; visibility:hidden !important;\"><label for=\"wpcf7-69f2a318e74fc-field\" class=\"hp-message\">Por favor, deja este campo vac\u00edo.<\/label><input id=\"wpcf7-69f2a318e74fc-field\"  class=\"wpcf7-form-control wpcf7-text\" type=\"text\" name=\"email\" value=\"\" size=\"40\" tabindex=\"-1\" autocomplete=\"new-password\" \/><\/span><br \/>\n<label class=\"privacidad\"><span class=\"wpcf7-form-control-wrap\" data-name=\"privacidad\"><span class=\"wpcf7-form-control wpcf7-acceptance\"><span class=\"wpcf7-list-item\"><input type=\"checkbox\" name=\"privacidad\" value=\"1\" aria-invalid=\"false\" \/><\/span><\/span><\/span> J\u2019ai lu et j\u2019accepte la <a href='\/politica-de-privacidad\/' target='_blank'>Politique de confidentialit\u00e9<\/a><\/label><br \/>\n<input class=\"wpcf7-form-control wpcf7-submit has-spinner\" type=\"submit\" value=\"Envoyer\" \/>\n\t<\/p>\n<\/div><div class=\"wpcf7-response-output\" aria-hidden=\"true\"><\/div>\n<\/form>\n<\/div>\n[\/et_pb_code][\/et_pb_column][\/et_pb_row][\/et_pb_section]<\/p>\n","protected":false},"excerpt":{"rendered":"<p>Avez-vous des questions?\u00cates-vous pr\u00eats \u00e0 concr\u00e9tiser votre \u00e9v\u00e9nement \u00e0 la Finca Los Batanes? Contactez-nous et racontez-nous votre id\u00e9e. Nous sommes l\u00e0 pour vous aider \u00e0 planifier chaque d\u00e9tail et garantir une c\u00e9l\u00e9bration parfaite. Ensemble nous cr\u00e9erons une exp\u00e9rience inoubliable.Contactez-nous d\u00e8s maintenant\n<div class=\"wpcf7 no-js\" id=\"wpcf7-f544-o2\" lang=\"es-ES\" dir=\"ltr\" data-wpcf7-id=\"544\">\n<div class=\"screen-reader-response\"><p role=\"status\" aria-live=\"polite\" aria-atomic=\"true\"><\/p> <ul><\/ul><\/div>\n<form action=\"\/fr\/wp-json\/wp\/v2\/pages\/529#wpcf7-f544-o2\" method=\"post\" class=\"wpcf7-form init\" aria-label=\"Formulario de contacto\" novalidate=\"novalidate\" data-status=\"init\">\n<fieldset class=\"hidden-fields-container\"><input type=\"hidden\" name=\"_wpcf7\" value=\"544\" \/><input type=\"hidden\" name=\"_wpcf7_version\" value=\"6.1\" \/><input type=\"hidden\" name=\"_wpcf7_locale\" value=\"es_ES\" \/><input type=\"hidden\" name=\"_wpcf7_unit_tag\" value=\"wpcf7-f544-o2\" \/><input type=\"hidden\" name=\"_wpcf7_container_post\" value=\"0\" \/><input type=\"hidden\" name=\"_wpcf7_posted_data_hash\" value=\"\" \/>\n<\/fieldset>\n<div class=\"form-izq\">\n\t<p><span class=\"wpcf7-form-control-wrap\" data-name=\"nombre\"><input size=\"40\" maxlength=\"400\" class=\"wpcf7-form-control wpcf7-text wpcf7-validates-as-required\" autocomplete=\"name\" aria-required=\"true\" aria-invalid=\"false\" placeholder=\"Nom *\" value=\"\" type=\"text\" name=\"nombre\" \/><\/span><br \/>\n<span class=\"wpcf7-form-control-wrap\" data-name=\"telefono\"><input size=\"40\" maxlength=\"400\" class=\"wpcf7-form-control wpcf7-tel wpcf7-validates-as-required wpcf7-text wpcf7-validates-as-tel\" autocomplete=\"tel\" aria-required=\"true\" aria-invalid=\"false\" placeholder=\"T\u00e9l\u00e9phone *\" value=\"\" type=\"tel\" name=\"telefono\" \/><\/span><br \/>\n<span class=\"wpcf7-form-control-wrap\" data-name=\"your-email\"><input size=\"40\" maxlength=\"400\" class=\"wpcf7-form-control wpcf7-email wpcf7-validates-as-required wpcf7-text wpcf7-validates-as-email\" autocomplete=\"email\" aria-required=\"true\" aria-invalid=\"false\" placeholder=\"Email *\" value=\"\" type=\"email\" name=\"your-email\" \/><\/span>\n\t<\/p>\n<\/div>\n<div class=\"form-dch\">\n\t<p><span class=\"wpcf7-form-control-wrap\" data-name=\"mensaje\"><textarea cols=\"40\" rows=\"10\" maxlength=\"2000\" class=\"wpcf7-form-control wpcf7-textarea\" aria-invalid=\"false\" placeholder=\"\u00c9crivez ici votre demande...\" name=\"mensaje\"><\/textarea><\/span>\n\t<\/p>\n<\/div>\n<div class=\"form-full\">\n\t<p>*Les champs marqu\u00e9s d\u2019un ast\u00e9risque sont obligatoires\n\t<\/p>\n\t<p><span id=\"wpcf7-69f2a318f3d0b-wrapper\" class=\"wpcf7-form-control-wrap email-wrap\" style=\"display:none !important; visibility:hidden !important;\"><label for=\"wpcf7-69f2a318f3d0b-field\" class=\"hp-message\">Por favor, deja este campo vac\u00edo.<\/label><input id=\"wpcf7-69f2a318f3d0b-field\"  class=\"wpcf7-form-control wpcf7-text\" type=\"text\" name=\"email\" value=\"\" size=\"40\" tabindex=\"-1\" autocomplete=\"new-password\" \/><\/span><br \/>\n<label class=\"privacidad\"><span class=\"wpcf7-form-control-wrap\" data-name=\"privacidad\"><span class=\"wpcf7-form-control wpcf7-acceptance\"><span class=\"wpcf7-list-item\"><input type=\"checkbox\" name=\"privacidad\" value=\"1\" aria-invalid=\"false\" \/><\/span><\/span><\/span> J\u2019ai lu et j\u2019accepte la <a href='\/politica-de-privacidad\/' target='_blank'>Politique de confidentialit\u00e9<\/a><\/label><br \/>\n<input class=\"wpcf7-form-control wpcf7-submit has-spinner\" type=\"submit\" value=\"Envoyer\" \/>\n\t<\/p>\n<\/div><div class=\"wpcf7-response-output\" aria-hidden=\"true\"><\/div>\n<\/form>\n<\/div>\n<\/p>\n","protected":false},"author":1,"featured_media":0,"parent":0,"menu_order":0,"comment_status":"closed","ping_status":"closed","template":"","meta":{"_et_pb_use_builder":"on","_et_pb_old_content":"","_et_gb_content_width":"","inline_featured_image":false,"footnotes":""},"class_list":["post-529","page","type-page","status-publish","hentry"],"yoast_head":"<!-- This site is optimized with the Yoast SEO plugin v25.4 - https:\/\/yoast.com\/wordpress\/plugins\/seo\/ -->\n<title>R\u00e9serve ton h\u00e9bergement \u00e0 Alc\u00e1zar de San Juan | Finca Los Batanes<\/title>\n<meta name=\"description\" content=\"Tu as des questions ou tu veux r\u00e9server ? Contacte Finca Los Batanes \u00e0 Alc\u00e1zar de San Juan et planifie ton s\u00e9jour, mariage ou \u00e9v\u00e9nement sp\u00e9cial.\" \/>\n<meta name=\"robots\" content=\"index, follow, max-snippet:-1, max-image-preview:large, max-video-preview:-1\" \/>\n<link rel=\"canonical\" href=\"http:\/\/fincalosbatanes.com\/fr\/contact\/\" \/>\n<meta property=\"og:locale\" content=\"fr_FR\" \/>\n<meta property=\"og:type\" content=\"article\" \/>\n<meta property=\"og:title\" content=\"R\u00e9serve ton h\u00e9bergement \u00e0 Alc\u00e1zar de San Juan | Finca Los Batanes\" \/>\n<meta property=\"og:description\" content=\"Tu as des questions ou tu veux r\u00e9server ? Contacte Finca Los Batanes \u00e0 Alc\u00e1zar de San Juan et planifie ton s\u00e9jour, mariage ou \u00e9v\u00e9nement sp\u00e9cial.\" \/>\n<meta property=\"og:url\" content=\"http:\/\/fincalosbatanes.com\/fr\/contact\/\" \/>\n<meta property=\"og:site_name\" content=\"Finca los Batanes\" \/>\n<meta property=\"article:modified_time\" content=\"2025-07-09T14:12:09+00:00\" \/>\n<meta name=\"twitter:card\" content=\"summary_large_image\" \/>\n<meta name=\"twitter:label1\" content=\"Dur\u00e9e de lecture estim\u00e9e\" \/>\n\t<meta name=\"twitter:data1\" content=\"2 minutes\" \/>\n<script type=\"application\/ld+json\" class=\"yoast-schema-graph\">{\"@context\":\"https:\/\/schema.org\",\"@graph\":[{\"@type\":\"WebPage\",\"@id\":\"http:\/\/fincalosbatanes.com\/fr\/contact\/\",\"url\":\"http:\/\/fincalosbatanes.com\/fr\/contact\/\",\"name\":\"R\u00e9serve ton h\u00e9bergement \u00e0 Alc\u00e1zar de San Juan | Finca Los Batanes\",\"isPartOf\":{\"@id\":\"http:\/\/fincalosbatanes.com\/fr\/#website\"},\"datePublished\":\"2025-05-22T10:34:32+00:00\",\"dateModified\":\"2025-07-09T14:12:09+00:00\",\"description\":\"Tu as des questions ou tu veux r\u00e9server ? Contacte Finca Los Batanes \u00e0 Alc\u00e1zar de San Juan et planifie ton s\u00e9jour, mariage ou \u00e9v\u00e9nement sp\u00e9cial.\",\"breadcrumb\":{\"@id\":\"http:\/\/fincalosbatanes.com\/fr\/contact\/#breadcrumb\"},\"inLanguage\":\"fr-FR\",\"potentialAction\":[{\"@type\":\"ReadAction\",\"target\":[\"http:\/\/fincalosbatanes.com\/fr\/contact\/\"]}]},{\"@type\":\"BreadcrumbList\",\"@id\":\"http:\/\/fincalosbatanes.com\/fr\/contact\/#breadcrumb\",\"itemListElement\":[{\"@type\":\"ListItem\",\"position\":1,\"name\":\"Portada\",\"item\":\"http:\/\/fincalosbatanes.com\/fr\/\"},{\"@type\":\"ListItem\",\"position\":2,\"name\":\"Contact\"}]},{\"@type\":\"WebSite\",\"@id\":\"http:\/\/fincalosbatanes.com\/fr\/#website\",\"url\":\"http:\/\/fincalosbatanes.com\/fr\/\",\"name\":\"Finca los Batanes\",\"description\":\"\",\"potentialAction\":[{\"@type\":\"SearchAction\",\"target\":{\"@type\":\"EntryPoint\",\"urlTemplate\":\"http:\/\/fincalosbatanes.com\/fr\/?s={search_term_string}\"},\"query-input\":{\"@type\":\"PropertyValueSpecification\",\"valueRequired\":true,\"valueName\":\"search_term_string\"}}],\"inLanguage\":\"fr-FR\"}]}<\/script>\n<!-- \/ Yoast SEO plugin. -->","yoast_head_json":{"title":"R\u00e9serve ton h\u00e9bergement \u00e0 Alc\u00e1zar de San Juan | Finca Los Batanes","description":"Tu as des questions ou tu veux r\u00e9server ? Contacte Finca Los Batanes \u00e0 Alc\u00e1zar de San Juan et planifie ton s\u00e9jour, mariage ou \u00e9v\u00e9nement sp\u00e9cial.","robots":{"index":"index","follow":"follow","max-snippet":"max-snippet:-1","max-image-preview":"max-image-preview:large","max-video-preview":"max-video-preview:-1"},"canonical":"http:\/\/fincalosbatanes.com\/fr\/contact\/","og_locale":"fr_FR","og_type":"article","og_title":"R\u00e9serve ton h\u00e9bergement \u00e0 Alc\u00e1zar de San Juan | Finca Los Batanes","og_description":"Tu as des questions ou tu veux r\u00e9server ? Contacte Finca Los Batanes \u00e0 Alc\u00e1zar de San Juan et planifie ton s\u00e9jour, mariage ou \u00e9v\u00e9nement sp\u00e9cial.","og_url":"http:\/\/fincalosbatanes.com\/fr\/contact\/","og_site_name":"Finca los Batanes","article_modified_time":"2025-07-09T14:12:09+00:00","twitter_card":"summary_large_image","twitter_misc":{"Dur\u00e9e de lecture estim\u00e9e":"2 minutes"},"schema":{"@context":"https:\/\/schema.org","@graph":[{"@type":"WebPage","@id":"http:\/\/fincalosbatanes.com\/fr\/contact\/","url":"http:\/\/fincalosbatanes.com\/fr\/contact\/","name":"R\u00e9serve ton h\u00e9bergement \u00e0 Alc\u00e1zar de San Juan | Finca Los Batanes","isPartOf":{"@id":"http:\/\/fincalosbatanes.com\/fr\/#website"},"datePublished":"2025-05-22T10:34:32+00:00","dateModified":"2025-07-09T14:12:09+00:00","description":"Tu as des questions ou tu veux r\u00e9server ? Contacte Finca Los Batanes \u00e0 Alc\u00e1zar de San Juan et planifie ton s\u00e9jour, mariage ou \u00e9v\u00e9nement sp\u00e9cial.","breadcrumb":{"@id":"http:\/\/fincalosbatanes.com\/fr\/contact\/#breadcrumb"},"inLanguage":"fr-FR","potentialAction":[{"@type":"ReadAction","target":["http:\/\/fincalosbatanes.com\/fr\/contact\/"]}]},{"@type":"BreadcrumbList","@id":"http:\/\/fincalosbatanes.com\/fr\/contact\/#breadcrumb","itemListElement":[{"@type":"ListItem","position":1,"name":"Portada","item":"http:\/\/fincalosbatanes.com\/fr\/"},{"@type":"ListItem","position":2,"name":"Contact"}]},{"@type":"WebSite","@id":"http:\/\/fincalosbatanes.com\/fr\/#website","url":"http:\/\/fincalosbatanes.com\/fr\/","name":"Finca los Batanes","description":"","potentialAction":[{"@type":"SearchAction","target":{"@type":"EntryPoint","urlTemplate":"http:\/\/fincalosbatanes.com\/fr\/?s={search_term_string}"},"query-input":{"@type":"PropertyValueSpecification","valueRequired":true,"valueName":"search_term_string"}}],"inLanguage":"fr-FR"}]}},"_links":{"self":[{"href":"https:\/\/fincalosbatanes.com\/fr\/wp-json\/wp\/v2\/pages\/529","targetHints":{"allow":["GET"]}}],"collection":[{"href":"https:\/\/fincalosbatanes.com\/fr\/wp-json\/wp\/v2\/pages"}],"about":[{"href":"https:\/\/fincalosbatanes.com\/fr\/wp-json\/wp\/v2\/types\/page"}],"author":[{"embeddable":true,"href":"https:\/\/fincalosbatanes.com\/fr\/wp-json\/wp\/v2\/users\/1"}],"replies":[{"embeddable":true,"href":"https:\/\/fincalosbatanes.com\/fr\/wp-json\/wp\/v2\/comments?post=529"}],"version-history":[{"count":4,"href":"https:\/\/fincalosbatanes.com\/fr\/wp-json\/wp\/v2\/pages\/529\/revisions"}],"predecessor-version":[{"id":632,"href":"https:\/\/fincalosbatanes.com\/fr\/wp-json\/wp\/v2\/pages\/529\/revisions\/632"}],"wp:attachment":[{"href":"https:\/\/fincalosbatanes.com\/fr\/wp-json\/wp\/v2\/media?parent=529"}],"curies":[{"name":"wp","href":"https:\/\/api.w.org\/{rel}","templated":true}]}}