{"id":526,"date":"2025-06-06T10:13:54","date_gmt":"2025-06-06T08:13:54","guid":{"rendered":"https:\/\/fincalosbatanes.com\/mariages-et-evenements\/evenements\/"},"modified":"2025-07-09T16:19:41","modified_gmt":"2025-07-09T14:19:41","slug":"evenements","status":"publish","type":"page","link":"https:\/\/fincalosbatanes.com\/fr\/mariages-et-evenements\/evenements\/","title":{"rendered":"\u00c9v\u00e9nements"},"content":{"rendered":"<p>[et_pb_section fb_built=\u00a0\u00bb1&Prime; _builder_version=\u00a0\u00bb4.27.4&Prime; _module_preset=\u00a0\u00bbdefault\u00a0\u00bb background_enable_image=\u00a0\u00bboff\u00a0\u00bb background_size=\u00a0\u00bbstretch\u00a0\u00bb background_position=\u00a0\u00bbbottom_center\u00a0\u00bb custom_padding=\u00a0\u00bb0px||0px||true|false\u00a0\u00bb global_colors_info=\u00a0\u00bb{}\u00a0\u00bb][et_pb_row column_structure=\u00a0\u00bb1_2,1_2&Prime; make_equal=\u00a0\u00bbon\u00a0\u00bb custom_padding_last_edited=\u00a0\u00bbon|tablet\u00a0\u00bb _builder_version=\u00a0\u00bb4.27.4&Prime; _module_preset=\u00a0\u00bbdefault\u00a0\u00bb width=\u00a0\u00bb90%\u00a0\u00bb custom_padding=\u00a0\u00bb4em||4em||false|false\u00a0\u00bb custom_padding_tablet=\u00a0\u00bb4em||0em||false|false\u00a0\u00bb custom_padding_phone=\u00a0\u00bb4em||0em||false|false\u00a0\u00bb custom_css_main_element=\u00a0\u00bbalign-items:center;\u00a0\u00bb locked=\u00a0\u00bboff\u00a0\u00bb global_colors_info=\u00a0\u00bb{}\u00a0\u00bb custom_css_main_element_last_edited=\u00a0\u00bbon|tablet\u00a0\u00bb custom_css_main_element_tablet=\u00a0\u00bbflex-flow:column-reverse;||display:flex;\u00a0\u00bb custom_css_main_element_phone=\u00a0\u00bbflex-flow:column-reverse;||display:flex;\u00a0\u00bb][et_pb_column type=\u00a0\u00bb1_2&Prime; _builder_version=\u00a0\u00bb4.27.4&Prime; _module_preset=\u00a0\u00bbdefault\u00a0\u00bb global_colors_info=\u00a0\u00bb{}\u00a0\u00bb][et_pb_cta button_url=\u00a0\u00bb#\u00a0\u00bb _builder_version=\u00a0\u00bb4.27.4&Prime; _module_preset=\u00a0\u00bbdefault\u00a0\u00bb header_font=\u00a0\u00bb|||on|||||\u00a0\u00bb header_font_size=\u00a0\u00bb30px\u00a0\u00bb header_letter_spacing=\u00a0\u00bb0.2em\u00a0\u00bb use_background_color=\u00a0\u00bboff\u00a0\u00bb background_image=\u00a0\u00bbhttp:\/\/fincalosbatanes.com\/wp-content\/uploads\/2025\/05\/Mesa-de-trabajo-56.webp\u00a0\u00bb custom_padding=\u00a0\u00bb11em||11em||true|false\u00a0\u00bb header_font_size_tablet=\u00a0\u00bb30px\u00a0\u00bb header_font_size_phone=\u00a0\u00bb25px\u00a0\u00bb header_font_size_last_edited=\u00a0\u00bbon|phone\u00a0\u00bb global_colors_info=\u00a0\u00bb{}\u00a0\u00bb][\/et_pb_cta][\/et_pb_column][et_pb_column type=\u00a0\u00bb1_2&Prime; _builder_version=\u00a0\u00bb4.27.4&Prime; _module_preset=\u00a0\u00bbdefault\u00a0\u00bb custom_padding_tablet=\u00a0\u00bb||2em||false|false\u00a0\u00bb custom_padding_phone=\u00a0\u00bb||2em||false|false\u00a0\u00bb custom_padding_last_edited=\u00a0\u00bbon|tablet\u00a0\u00bb global_colors_info=\u00a0\u00bb{}\u00a0\u00bb][et_pb_text _builder_version=\u00a0\u00bb4.27.4&Prime; _module_preset=\u00a0\u00bbdefault\u00a0\u00bb header_font=\u00a0\u00bb&#8211;et_global_heading_font|700|on||||||\u00a0\u00bb header_text_color=\u00a0\u00bb#d1aa8f\u00a0\u00bb header_font_size=\u00a0\u00bb50px\u00a0\u00bb custom_margin=\u00a0\u00bb||1em||false|false\u00a0\u00bb header_text_align_tablet=\u00a0\u00bbcenter\u00a0\u00bb header_text_align_phone=\u00a0\u00bbcenter\u00a0\u00bb header_text_align_last_edited=\u00a0\u00bbon|tablet\u00a0\u00bb header_font_size_tablet=\u00a0\u00bb40px\u00a0\u00bb header_font_size_phone=\u00a0\u00bb30px\u00a0\u00bb header_font_size_last_edited=\u00a0\u00bbon|phone\u00a0\u00bb locked=\u00a0\u00bboff\u00a0\u00bb global_colors_info=\u00a0\u00bb{}\u00a0\u00bb]<\/p>\n<h1>Des \u00e9v\u00e9nements \u00e0 ne jamais oublier<\/h1>\n<p>[\/et_pb_text][et_pb_text _builder_version=\u00a0\u00bb4.27.4&Prime; _module_preset=\u00a0\u00bbdefault\u00a0\u00bb text_font_size=\u00a0\u00bb18px\u00a0\u00bb text_line_height=\u00a0\u00bb1.8em\u00a0\u00bb global_colors_info=\u00a0\u00bb{}\u00a0\u00bb]<\/p>\n<p>\u00c0 Finca Los Batanes, chaque \u00e9v\u00e9nement devient une exp\u00e9rience unique. Des espaces modulables, une organisation impeccable et une attention aux moindres d\u00e9tails pour des c\u00e9l\u00e9brations inoubliables, adapt\u00e9es \u00e0 chaque occasion et style. <\/p>\n<p>Bapt\u00eames, communions, r\u00e9unions de famille ou professionnelles, ainsi que toute autre c\u00e9l\u00e9bration deviendront des souvenirs inoubliables.<\/p>\n<p>[\/et_pb_text][\/et_pb_column][\/et_pb_row][\/et_pb_section][et_pb_section fb_built=\u00a0\u00bb1&Prime; fullwidth=\u00a0\u00bbon\u00a0\u00bb _builder_version=\u00a0\u00bb4.27.4&Prime; _module_preset=\u00a0\u00bbdefault\u00a0\u00bb locked=\u00a0\u00bboff\u00a0\u00bb global_colors_info=\u00a0\u00bb{}\u00a0\u00bb][et_pb_fullwidth_slider _builder_version=\u00a0\u00bb4.27.4&Prime; _module_preset=\u00a0\u00bbdefault\u00a0\u00bb header_text_align=\u00a0\u00bbleft\u00a0\u00bb body_text_align=\u00a0\u00bbleft\u00a0\u00bb button_alignment=\u00a0\u00bbleft\u00a0\u00bb content_width=\u00a0\u00bb90%\u00a0\u00bb min_height=\u00a0\u00bb30em\u00a0\u00bb min_height_tablet=\u00a0\u00bb25em\u00a0\u00bb min_height_phone=\u00a0\u00bb25em\u00a0\u00bb min_height_last_edited=\u00a0\u00bbon|tablet\u00a0\u00bb custom_padding=\u00a0\u00bb3em||3em||true|false\u00a0\u00bb auto=\u00a0\u00bbon\u00a0\u00bb auto_speed=\u00a0\u00bb4000&Prime; custom_css_slide_description=\u00a0\u00bbmax-width:50%;||float:right;\u00a0\u00bb global_colors_info=\u00a0\u00bb{}\u00a0\u00bb custom_css_slide_description_last_edited=\u00a0\u00bbon|tablet\u00a0\u00bb custom_css_slide_description_tablet=\u00a0\u00bbmax-width:100%;\u00a0\u00bb custom_css_slide_description_phone=\u00a0\u00bbmax-width:100%;\u00a0\u00bb][et_pb_slide _builder_version=\u00a0\u00bb4.27.4&Prime; _module_preset=\u00a0\u00bbdefault\u00a0\u00bb background_enable_color=\u00a0\u00bboff\u00a0\u00bb background_image=\u00a0\u00bbhttp:\/\/fincalosbatanes.com\/wp-content\/uploads\/2025\/05\/finca-los-batanes-bodas-eventos-17.webp\u00a0\u00bb background_enable_image=\u00a0\u00bbon\u00a0\u00bb background_last_edited=\u00a0\u00bboff|tablet\u00a0\u00bb use_background_color_gradient_tablet=\u00a0\u00bbon\u00a0\u00bb background_color_gradient_stops_tablet=\u00a0\u00bbrgba(216,216,216,0) 0%|rgba(10,2,2,0.4) 0%\u00a0\u00bb global_colors_info=\u00a0\u00bb{}\u00a0\u00bb sticky_transition=\u00a0\u00bbon\u00a0\u00bb][\/et_pb_slide][et_pb_slide _builder_version=\u00a0\u00bb4.27.4&Prime; _module_preset=\u00a0\u00bbdefault\u00a0\u00bb background_enable_color=\u00a0\u00bboff\u00a0\u00bb background_image=\u00a0\u00bbhttp:\/\/fincalosbatanes.com\/wp-content\/uploads\/2025\/06\/slider-bodas-finca-los-batanes-2.webp\u00a0\u00bb background_enable_image=\u00a0\u00bbon\u00a0\u00bb background_last_edited=\u00a0\u00bboff|tablet\u00a0\u00bb use_background_color_gradient_tablet=\u00a0\u00bbon\u00a0\u00bb background_color_gradient_stops_tablet=\u00a0\u00bbrgba(216,216,216,0) 0%|rgba(10,2,2,0.4) 0%\u00a0\u00bb global_colors_info=\u00a0\u00bb{}\u00a0\u00bb sticky_transition=\u00a0\u00bbon\u00a0\u00bb][\/et_pb_slide][et_pb_slide _builder_version=\u00a0\u00bb4.27.4&Prime; _module_preset=\u00a0\u00bbdefault\u00a0\u00bb background_enable_color=\u00a0\u00bboff\u00a0\u00bb background_image=\u00a0\u00bbhttp:\/\/fincalosbatanes.com\/wp-content\/uploads\/2025\/06\/slider-bodas-finca-los-batanes-4.webp\u00a0\u00bb background_enable_image=\u00a0\u00bbon\u00a0\u00bb background_last_edited=\u00a0\u00bboff|tablet\u00a0\u00bb use_background_color_gradient_tablet=\u00a0\u00bbon\u00a0\u00bb background_color_gradient_stops_tablet=\u00a0\u00bbrgba(216,216,216,0) 0%|rgba(10,2,2,0.4) 0%\u00a0\u00bb global_colors_info=\u00a0\u00bb{}\u00a0\u00bb sticky_transition=\u00a0\u00bbon\u00a0\u00bb][\/et_pb_slide][\/et_pb_fullwidth_slider][\/et_pb_section][et_pb_section fb_built=\u00a0\u00bb1&Prime; _builder_version=\u00a0\u00bb4.27.4&Prime; _module_preset=\u00a0\u00bbdefault\u00a0\u00bb background_image=\u00a0\u00bbhttp:\/\/fincalosbatanes.com\/wp-content\/uploads\/2025\/05\/finca-los-batanes-contacto-fondo.webp\u00a0\u00bb background_position=\u00a0\u00bbbottom_center\u00a0\u00bb custom_padding=\u00a0\u00bb0px||0px||true|false\u00a0\u00bb global_colors_info=\u00a0\u00bb{}\u00a0\u00bb][et_pb_row _builder_version=\u00a0\u00bb4.27.4&Prime; _module_preset=\u00a0\u00bbdefault\u00a0\u00bb width=\u00a0\u00bb90%\u00a0\u00bb custom_padding=\u00a0\u00bb3em||3em||true|false\u00a0\u00bb global_colors_info=\u00a0\u00bb{}\u00a0\u00bb][et_pb_column type=\u00a0\u00bb4_4&Prime; _builder_version=\u00a0\u00bb4.27.4&Prime; _module_preset=\u00a0\u00bbdefault\u00a0\u00bb global_colors_info=\u00a0\u00bb{}\u00a0\u00bb][et_pb_text _builder_version=\u00a0\u00bb4.27.4&Prime; _module_preset=\u00a0\u00bbdefault\u00a0\u00bb text_font_size=\u00a0\u00bb25px\u00a0\u00bb text_orientation=\u00a0\u00bbcenter\u00a0\u00bb custom_margin=\u00a0\u00bb||1em||false|false\u00a0\u00bb global_colors_info=\u00a0\u00bb{}\u00a0\u00bb]<\/p>\n<p><em><strong>Contactez<\/strong><\/em>-nous d\u00e8s maintenant<\/p>\n<p>[\/et_pb_text][et_pb_code _builder_version=\u00a0\u00bb4.27.4&Prime; _module_preset=\u00a0\u00bbdefault\u00a0\u00bb max_width=\u00a0\u00bb600px\u00a0\u00bb module_alignment=\u00a0\u00bbcenter\u00a0\u00bb hover_enabled=\u00a0\u00bb0&Prime; global_colors_info=\u00a0\u00bb{}\u00a0\u00bb sticky_enabled=\u00a0\u00bb0&Prime;]\n<div class=\"wpcf7 no-js\" id=\"wpcf7-f544-o1\" lang=\"es-ES\" dir=\"ltr\" data-wpcf7-id=\"544\">\n<div class=\"screen-reader-response\"><p role=\"status\" aria-live=\"polite\" aria-atomic=\"true\"><\/p> <ul><\/ul><\/div>\n<form action=\"\/fr\/wp-json\/wp\/v2\/pages\/526#wpcf7-f544-o1\" method=\"post\" class=\"wpcf7-form init\" aria-label=\"Formulario de contacto\" novalidate=\"novalidate\" data-status=\"init\">\n<fieldset class=\"hidden-fields-container\"><input type=\"hidden\" name=\"_wpcf7\" value=\"544\" \/><input type=\"hidden\" name=\"_wpcf7_version\" value=\"6.1\" \/><input type=\"hidden\" name=\"_wpcf7_locale\" value=\"es_ES\" \/><input type=\"hidden\" name=\"_wpcf7_unit_tag\" value=\"wpcf7-f544-o1\" \/><input type=\"hidden\" name=\"_wpcf7_container_post\" value=\"0\" \/><input type=\"hidden\" name=\"_wpcf7_posted_data_hash\" value=\"\" \/>\n<\/fieldset>\n<div class=\"form-izq\">\n\t<p><span class=\"wpcf7-form-control-wrap\" data-name=\"nombre\"><input size=\"40\" maxlength=\"400\" class=\"wpcf7-form-control wpcf7-text wpcf7-validates-as-required\" autocomplete=\"name\" aria-required=\"true\" aria-invalid=\"false\" placeholder=\"Nom *\" value=\"\" type=\"text\" name=\"nombre\" \/><\/span><br \/>\n<span class=\"wpcf7-form-control-wrap\" data-name=\"telefono\"><input size=\"40\" maxlength=\"400\" class=\"wpcf7-form-control wpcf7-tel wpcf7-validates-as-required wpcf7-text wpcf7-validates-as-tel\" autocomplete=\"tel\" aria-required=\"true\" aria-invalid=\"false\" placeholder=\"T\u00e9l\u00e9phone *\" value=\"\" type=\"tel\" name=\"telefono\" \/><\/span><br \/>\n<span class=\"wpcf7-form-control-wrap\" data-name=\"your-email\"><input size=\"40\" maxlength=\"400\" class=\"wpcf7-form-control wpcf7-email wpcf7-validates-as-required wpcf7-text wpcf7-validates-as-email\" autocomplete=\"email\" aria-required=\"true\" aria-invalid=\"false\" placeholder=\"Email *\" value=\"\" type=\"email\" name=\"your-email\" \/><\/span>\n\t<\/p>\n<\/div>\n<div class=\"form-dch\">\n\t<p><span class=\"wpcf7-form-control-wrap\" data-name=\"mensaje\"><textarea cols=\"40\" rows=\"10\" maxlength=\"2000\" class=\"wpcf7-form-control wpcf7-textarea\" aria-invalid=\"false\" placeholder=\"\u00c9crivez ici votre demande...\" name=\"mensaje\"><\/textarea><\/span>\n\t<\/p>\n<\/div>\n<div class=\"form-full\">\n\t<p>*Les champs marqu\u00e9s d\u2019un ast\u00e9risque sont obligatoires\n\t<\/p>\n\t<p><span id=\"wpcf7-69f2b76abd86b-wrapper\" class=\"wpcf7-form-control-wrap email-wrap\" style=\"display:none !important; visibility:hidden !important;\"><label for=\"wpcf7-69f2b76abd86b-field\" class=\"hp-message\">Por favor, deja este campo vac\u00edo.<\/label><input id=\"wpcf7-69f2b76abd86b-field\"  class=\"wpcf7-form-control wpcf7-text\" type=\"text\" name=\"email\" value=\"\" size=\"40\" tabindex=\"-1\" autocomplete=\"new-password\" \/><\/span><br \/>\n<label class=\"privacidad\"><span class=\"wpcf7-form-control-wrap\" data-name=\"privacidad\"><span class=\"wpcf7-form-control wpcf7-acceptance\"><span class=\"wpcf7-list-item\"><input type=\"checkbox\" name=\"privacidad\" value=\"1\" aria-invalid=\"false\" \/><\/span><\/span><\/span> J\u2019ai lu et j\u2019accepte la <a href='\/politica-de-privacidad\/' target='_blank'>Politique de confidentialit\u00e9<\/a><\/label><br \/>\n<input class=\"wpcf7-form-control wpcf7-submit has-spinner\" type=\"submit\" value=\"Envoyer\" \/>\n\t<\/p>\n<\/div><div class=\"wpcf7-response-output\" aria-hidden=\"true\"><\/div>\n<\/form>\n<\/div>\n[\/et_pb_code][\/et_pb_column][\/et_pb_row][\/et_pb_section]<\/p>\n","protected":false},"excerpt":{"rendered":"<p>Des \u00e9v\u00e9nements \u00e0 ne jamais oublier\u00c0 Finca Los Batanes, chaque \u00e9v\u00e9nement devient une exp\u00e9rience unique. Des espaces modulables, une organisation impeccable et une attention aux moindres d\u00e9tails pour des c\u00e9l\u00e9brations inoubliables, adapt\u00e9es \u00e0 chaque occasion et style. Bapt\u00eames, communions, r\u00e9unions de famille ou professionnelles, ainsi que toute autre c\u00e9l\u00e9bration deviendront des souvenirs inoubliables.Contactez-nous d\u00e8s maintenant<p class=\"wpcf7-contact-form-not-found\"><strong>Erreur\u00a0:<\/strong> Formulaire de contact non trouv\u00e9\u00a0!<\/p><\/p>\n","protected":false},"author":1,"featured_media":0,"parent":520,"menu_order":0,"comment_status":"closed","ping_status":"closed","template":"","meta":{"_et_pb_use_builder":"on","_et_pb_old_content":"","_et_gb_content_width":"","inline_featured_image":false,"footnotes":""},"class_list":["post-526","page","type-page","status-publish","hentry"],"yoast_head":"<!-- This site is optimized with the Yoast SEO plugin v25.4 - https:\/\/yoast.com\/wordpress\/plugins\/seo\/ -->\n<title>Domaine pour \u00e9v\u00e9nements \u00e0 Ciudad Real | Finca Los Batanes<\/title>\n<meta name=\"description\" content=\"Organisez votre \u00e9v\u00e9nement \u00e0 Finca Los Batanes, Ciudad Real. Un cadre naturel et polyvalent, id\u00e9al pour des r\u00e9unions, anniversaires, communions et autres c\u00e9l\u00e9brations.\" \/>\n<meta name=\"robots\" content=\"index, follow, max-snippet:-1, max-image-preview:large, max-video-preview:-1\" \/>\n<link rel=\"canonical\" href=\"http:\/\/fincalosbatanes.com\/fr\/mariages-et-evenements\/evenements\/\" \/>\n<meta property=\"og:locale\" content=\"fr_FR\" \/>\n<meta property=\"og:type\" content=\"article\" \/>\n<meta property=\"og:title\" content=\"Domaine pour \u00e9v\u00e9nements \u00e0 Ciudad Real | Finca Los Batanes\" \/>\n<meta property=\"og:description\" content=\"Organisez votre \u00e9v\u00e9nement \u00e0 Finca Los Batanes, Ciudad Real. Un cadre naturel et polyvalent, id\u00e9al pour des r\u00e9unions, anniversaires, communions et autres c\u00e9l\u00e9brations.\" \/>\n<meta property=\"og:url\" content=\"http:\/\/fincalosbatanes.com\/fr\/mariages-et-evenements\/evenements\/\" \/>\n<meta property=\"og:site_name\" content=\"Finca los Batanes\" \/>\n<meta property=\"article:modified_time\" content=\"2025-07-09T14:19:41+00:00\" \/>\n<meta name=\"twitter:card\" content=\"summary_large_image\" \/>\n<meta name=\"twitter:label1\" content=\"Dur\u00e9e de lecture estim\u00e9e\" \/>\n\t<meta name=\"twitter:data1\" content=\"4 minutes\" \/>\n<script type=\"application\/ld+json\" class=\"yoast-schema-graph\">{\"@context\":\"https:\/\/schema.org\",\"@graph\":[{\"@type\":\"WebPage\",\"@id\":\"http:\/\/fincalosbatanes.com\/fr\/mariages-et-evenements\/evenements\/\",\"url\":\"http:\/\/fincalosbatanes.com\/fr\/mariages-et-evenements\/evenements\/\",\"name\":\"Domaine pour \u00e9v\u00e9nements \u00e0 Ciudad Real | Finca Los Batanes\",\"isPartOf\":{\"@id\":\"http:\/\/fincalosbatanes.com\/fr\/#website\"},\"datePublished\":\"2025-06-06T08:13:54+00:00\",\"dateModified\":\"2025-07-09T14:19:41+00:00\",\"description\":\"Organisez votre \u00e9v\u00e9nement \u00e0 Finca Los Batanes, Ciudad Real. Un cadre naturel et polyvalent, id\u00e9al pour des r\u00e9unions, anniversaires, communions et autres c\u00e9l\u00e9brations.\",\"breadcrumb\":{\"@id\":\"http:\/\/fincalosbatanes.com\/fr\/mariages-et-evenements\/evenements\/#breadcrumb\"},\"inLanguage\":\"fr-FR\",\"potentialAction\":[{\"@type\":\"ReadAction\",\"target\":[\"http:\/\/fincalosbatanes.com\/fr\/mariages-et-evenements\/evenements\/\"]}]},{\"@type\":\"BreadcrumbList\",\"@id\":\"http:\/\/fincalosbatanes.com\/fr\/mariages-et-evenements\/evenements\/#breadcrumb\",\"itemListElement\":[{\"@type\":\"ListItem\",\"position\":1,\"name\":\"Portada\",\"item\":\"http:\/\/fincalosbatanes.com\/fr\/\"},{\"@type\":\"ListItem\",\"position\":2,\"name\":\"Mariages et \u00e9v\u00e9nements\",\"item\":\"http:\/\/fincalosbatanes.com\/fr\/mariages-et-evenements\/\"},{\"@type\":\"ListItem\",\"position\":3,\"name\":\"\u00c9v\u00e9nements\"}]},{\"@type\":\"WebSite\",\"@id\":\"http:\/\/fincalosbatanes.com\/fr\/#website\",\"url\":\"http:\/\/fincalosbatanes.com\/fr\/\",\"name\":\"Finca los Batanes\",\"description\":\"\",\"potentialAction\":[{\"@type\":\"SearchAction\",\"target\":{\"@type\":\"EntryPoint\",\"urlTemplate\":\"http:\/\/fincalosbatanes.com\/fr\/?s={search_term_string}\"},\"query-input\":{\"@type\":\"PropertyValueSpecification\",\"valueRequired\":true,\"valueName\":\"search_term_string\"}}],\"inLanguage\":\"fr-FR\"}]}<\/script>\n<!-- \/ Yoast SEO plugin. -->","yoast_head_json":{"title":"Domaine pour \u00e9v\u00e9nements \u00e0 Ciudad Real | Finca Los Batanes","description":"Organisez votre \u00e9v\u00e9nement \u00e0 Finca Los Batanes, Ciudad Real. Un cadre naturel et polyvalent, id\u00e9al pour des r\u00e9unions, anniversaires, communions et autres c\u00e9l\u00e9brations.","robots":{"index":"index","follow":"follow","max-snippet":"max-snippet:-1","max-image-preview":"max-image-preview:large","max-video-preview":"max-video-preview:-1"},"canonical":"http:\/\/fincalosbatanes.com\/fr\/mariages-et-evenements\/evenements\/","og_locale":"fr_FR","og_type":"article","og_title":"Domaine pour \u00e9v\u00e9nements \u00e0 Ciudad Real | Finca Los Batanes","og_description":"Organisez votre \u00e9v\u00e9nement \u00e0 Finca Los Batanes, Ciudad Real. Un cadre naturel et polyvalent, id\u00e9al pour des r\u00e9unions, anniversaires, communions et autres c\u00e9l\u00e9brations.","og_url":"http:\/\/fincalosbatanes.com\/fr\/mariages-et-evenements\/evenements\/","og_site_name":"Finca los Batanes","article_modified_time":"2025-07-09T14:19:41+00:00","twitter_card":"summary_large_image","twitter_misc":{"Dur\u00e9e de lecture estim\u00e9e":"4 minutes"},"schema":{"@context":"https:\/\/schema.org","@graph":[{"@type":"WebPage","@id":"http:\/\/fincalosbatanes.com\/fr\/mariages-et-evenements\/evenements\/","url":"http:\/\/fincalosbatanes.com\/fr\/mariages-et-evenements\/evenements\/","name":"Domaine pour \u00e9v\u00e9nements \u00e0 Ciudad Real | Finca Los Batanes","isPartOf":{"@id":"http:\/\/fincalosbatanes.com\/fr\/#website"},"datePublished":"2025-06-06T08:13:54+00:00","dateModified":"2025-07-09T14:19:41+00:00","description":"Organisez votre \u00e9v\u00e9nement \u00e0 Finca Los Batanes, Ciudad Real. Un cadre naturel et polyvalent, id\u00e9al pour des r\u00e9unions, anniversaires, communions et autres c\u00e9l\u00e9brations.","breadcrumb":{"@id":"http:\/\/fincalosbatanes.com\/fr\/mariages-et-evenements\/evenements\/#breadcrumb"},"inLanguage":"fr-FR","potentialAction":[{"@type":"ReadAction","target":["http:\/\/fincalosbatanes.com\/fr\/mariages-et-evenements\/evenements\/"]}]},{"@type":"BreadcrumbList","@id":"http:\/\/fincalosbatanes.com\/fr\/mariages-et-evenements\/evenements\/#breadcrumb","itemListElement":[{"@type":"ListItem","position":1,"name":"Portada","item":"http:\/\/fincalosbatanes.com\/fr\/"},{"@type":"ListItem","position":2,"name":"Mariages et \u00e9v\u00e9nements","item":"http:\/\/fincalosbatanes.com\/fr\/mariages-et-evenements\/"},{"@type":"ListItem","position":3,"name":"\u00c9v\u00e9nements"}]},{"@type":"WebSite","@id":"http:\/\/fincalosbatanes.com\/fr\/#website","url":"http:\/\/fincalosbatanes.com\/fr\/","name":"Finca los Batanes","description":"","potentialAction":[{"@type":"SearchAction","target":{"@type":"EntryPoint","urlTemplate":"http:\/\/fincalosbatanes.com\/fr\/?s={search_term_string}"},"query-input":{"@type":"PropertyValueSpecification","valueRequired":true,"valueName":"search_term_string"}}],"inLanguage":"fr-FR"}]}},"_links":{"self":[{"href":"https:\/\/fincalosbatanes.com\/fr\/wp-json\/wp\/v2\/pages\/526","targetHints":{"allow":["GET"]}}],"collection":[{"href":"https:\/\/fincalosbatanes.com\/fr\/wp-json\/wp\/v2\/pages"}],"about":[{"href":"https:\/\/fincalosbatanes.com\/fr\/wp-json\/wp\/v2\/types\/page"}],"author":[{"embeddable":true,"href":"https:\/\/fincalosbatanes.com\/fr\/wp-json\/wp\/v2\/users\/1"}],"replies":[{"embeddable":true,"href":"https:\/\/fincalosbatanes.com\/fr\/wp-json\/wp\/v2\/comments?post=526"}],"version-history":[{"count":7,"href":"https:\/\/fincalosbatanes.com\/fr\/wp-json\/wp\/v2\/pages\/526\/revisions"}],"predecessor-version":[{"id":638,"href":"https:\/\/fincalosbatanes.com\/fr\/wp-json\/wp\/v2\/pages\/526\/revisions\/638"}],"up":[{"embeddable":true,"href":"https:\/\/fincalosbatanes.com\/fr\/wp-json\/wp\/v2\/pages\/520"}],"wp:attachment":[{"href":"https:\/\/fincalosbatanes.com\/fr\/wp-json\/wp\/v2\/media?parent=526"}],"curies":[{"name":"wp","href":"https:\/\/api.w.org\/{rel}","templated":true}]}}